{"id":10,"date":"2022-09-07T09:44:54","date_gmt":"2022-09-07T09:44:54","guid":{"rendered":"https:\/\/www.seoelimaki.fi\/-\/?page_id=10"},"modified":"2026-01-21T07:49:14","modified_gmt":"2026-01-21T07:49:14","slug":"etusivu","status":"publish","type":"page","link":"https:\/\/www.seokohtaniemi.fi\/-\/","title":{"rendered":"Etusivu"},"content":{"rendered":"<div id=\"cs-content\" class=\"cs-content\"><div class=\"x-section e10-e1 ma-0 ma-1\" id=\"banner\"><div class=\"x-bg\"><div class=\"x-bg-layer-lower-img\" data-x-element-bg-layer=\"{&quot;parallaxSize&quot;:&quot;125%&quot;,&quot;parallaxDir&quot;:&quot;v&quot;,&quot;parallaxRev&quot;:false}\"><img decoding=\"async\" src=\"https:\/\/www.seokohtaniemi.fi\/-\/wp-content\/uploads\/2024\/02\/banner-uusi.jpg\" alt=\"Image\" loading=\"lazy\"\/><\/div><div class=\"x-bg-layer-upper-color\" aria-hidden=\"true\"><\/div><\/div><div class=\"x-row x-container max width e10-e2 ma-8 ma-9 ma-a ma-b ma-c ma-l ma-m\"><div class=\"x-row-inner\"><div class=\"x-col e10-e3 ma-10 ma-11\"><div id=\"bannertext2\" class=\"x-text x-text-headline e10-e4 ma-1f ma-1g ma-1h\"><div class=\"x-text-content\"><div class=\"x-text-content-text\"><h1 class=\"x-text-content-text-primary\">Sisu Energia - joustava paikallinen yritt&auml;j&auml; palveluksessasi<\/h1>\n<\/div><\/div><\/div><div id=\"bannertext\" class=\"x-text x-content e10-e5 ma-1m ma-1n ma-1o ma-1p ma-1q\">L\u00e4mmitys- ja poltto\u00f6ljyasioissa palvelemme nopeasti ja luotettavasti Kymenlaakson, Iitin, ja It\u00e4-Uudenmaan alueilla.<\/div><a class=\"x-anchor x-anchor-button e10-e6 ma-1v ma-1w\" tabindex=\"0\" href=\"#yhteystiedot\"><div class=\"x-anchor-content\"><div class=\"x-anchor-text\"><span class=\"x-anchor-text-primary\">Ota yhteytt\u00e4<\/span><\/div><\/div><\/a><\/div><\/div><\/div><\/div><div class=\"x-section e10-e7 ma-0 ma-2 ma-3 ma-4\"><div class=\"x-row e10-e8 ma-8 ma-9 ma-a ma-b ma-c ma-d ma-e ma-l ma-n\"><div class=\"x-row-inner\"><div class=\"x-col e10-e9 ma-10 ma-11 ma-12\"><div class=\"x-row e10-e10 ma-8 ma-9 ma-a ma-b ma-c ma-l ma-o\"><div class=\"x-row-inner\"><div class=\"x-col e10-e11 ma-10 ma-11 ma-13 ma-14\"><div class=\"x-bg\"><div class=\"x-bg-layer-lower-img\"><img decoding=\"async\" src=\"https:\/\/www.seokohtaniemi.fi\/-\/wp-content\/uploads\/2022\/09\/oljy.jpg\" alt=\"SEO l\u00e4mmitys- ja poltto\u00f6ljy\" loading=\"lazy\"\/><\/div><\/div><\/div><\/div><\/div><div class=\"x-row e10-e12 ma-8 ma-9 ma-a ma-b ma-c ma-l ma-p\"><div class=\"x-row-inner\"><div class=\"x-col e10-e13 ma-10 ma-15 ma-16 ma-17 ma-18\"><div class=\"x-text x-text-headline e10-e14 ma-1f ma-1h ma-1i ma-1j\"><div class=\"x-text-content\"><div class=\"x-text-content-text\"><h1 class=\"x-text-content-text-primary\">L\u00e4mmitys- ja poltto\u00f6ljy<\/h1>\n<\/div><\/div><\/div><div class=\"x-text x-content e10-e15 ma-1n ma-1o ma-1p ma-1q ma-1r\"><span>Toimitamme l\u00e4mmitys- ja poltto\u00f6ljyt nopeasti, joustavalla aikataululla edulliseen hintaan. Poltto\u00f6ljytoimitukset my\u00f6s erikseen sovittuun kohteeseen.<\/span><\/div><a class=\"x-anchor x-anchor-button e10-e16 ma-1v ma-1x\" tabindex=\"0\" href=\"#oljyt\"><div class=\"x-anchor-content\"><div class=\"x-anchor-text\"><span class=\"x-anchor-text-primary\">Lue lis\u00e4\u00e4!<\/span><\/div><\/div><\/a><\/div><\/div><\/div><\/div><div class=\"x-col e10-e17 ma-10 ma-11 ma-12\"><div class=\"x-row e10-e18 ma-8 ma-9 ma-a ma-b ma-c ma-l ma-q\"><div class=\"x-row-inner\"><div class=\"x-col e10-e19 ma-10 ma-11 ma-13 ma-14\"><div class=\"x-bg\"><div class=\"x-bg-layer-lower-img\"><img decoding=\"async\" src=\"https:\/\/www.seokohtaniemi.fi\/-\/wp-content\/uploads\/2022\/09\/yrityskortti.jpg\" alt=\"SEO yrityskortti\" loading=\"lazy\"\/><\/div><\/div><\/div><\/div><\/div><div class=\"x-row e10-e20 ma-8 ma-9 ma-a ma-b ma-c ma-l ma-r\"><div class=\"x-row-inner\"><div class=\"x-col e10-e21 ma-10 ma-15 ma-16 ma-17 ma-18\"><div class=\"x-text x-text-headline e10-e22 ma-1f ma-1h ma-1i ma-1j\"><div class=\"x-text-content\"><div class=\"x-text-content-text\"><h1 class=\"x-text-content-text-primary\">SEO yrityskortti<\/h1>\n<\/div><\/div><\/div><div class=\"x-text x-content e10-e23 ma-1n ma-1o ma-1p ma-1q ma-1r\"><p>Keskitt\u00e4m\u00e4ll\u00e4 yrityksesi polttoaineostot SEO. asemillemme, s\u00e4\u00e4st\u00e4t selv\u00e4\u00e4 rahaa.<\/p>\n<p>Lue lis\u00e4\u00e4 yrityskortin eduista.<span style=\"text-decoration: underline;\"><span style=\"color: #ffffff;\"><\/span><\/span><\/p><\/div><a class=\"x-anchor x-anchor-button e10-e24 ma-1v ma-1x\" tabindex=\"0\" href=\"https:\/\/seo.fi\/yrityskortti\" target=\"_blank\" rel=\"noopener noreferrer\"><div class=\"x-anchor-content\"><div class=\"x-anchor-text\"><span class=\"x-anchor-text-primary\">Lue lis\u00e4\u00e4!<\/span><\/div><\/div><\/a><\/div><\/div><\/div><\/div><div class=\"x-col e10-e25 ma-10 ma-11 ma-14 ma-19\"><div class=\"x-bg\"><div class=\"x-bg-layer-lower-img\"><img decoding=\"async\" src=\"https:\/\/www.seokohtaniemi.fi\/-\/wp-content\/uploads\/2025\/10\/kartta2025.png\" alt=\"Image\" loading=\"lazy\"\/><\/div><\/div><\/div><\/div><\/div><\/div><div class=\"x-section e10-e26 ma-0 ma-4 ma-5\"><div class=\"x-row x-container max width e10-e27 ma-8 ma-9 ma-a ma-b ma-c ma-l ma-s\"><div class=\"x-row-inner\"><div class=\"x-col e10-e28 ma-10 ma-11 ma-15 ma-16 ma-17\"><a class=\"x-anchor x-anchor-button e10-e29 ma-1v ma-1w\" tabindex=\"0\" href=\"#yhteystiedot\"><div class=\"x-anchor-content\"><div class=\"x-anchor-text\"><span class=\"x-anchor-text-primary\">Ota yhteytt\u00e4<\/span><\/div><\/div><\/a><\/div><\/div><\/div><\/div><div class=\"x-section e10-e30 ma-0 ma-2 ma-4 ma-6\" id=\"oljyt\"><div class=\"x-row x-container max width e10-e31 ma-8 ma-a ma-b ma-c ma-f ma-l ma-t\"><div class=\"x-row-inner\"><div class=\"x-col e10-e32 ma-10 ma-1a\"><div class=\"x-text x-text-headline e10-e33 ma-1f ma-1j ma-1k ma-1l\"><div class=\"x-text-content\"><div class=\"x-text-content-text\"><h1 class=\"x-text-content-text-primary\">\ufeffL\u00e4mmitys- ja poltto\u00f6ljy<\/h1>\n<\/div><\/div><\/div><\/div><\/div><\/div><div class=\"x-row e10-e34 ma-8 ma-9 ma-a ma-b ma-d ma-g ma-h ma-u ma-v ma-w\"><div class=\"x-row-inner\"><div class=\"x-col e10-e35 ma-10 ma-11\"><div class=\"x-text x-content e10-e36 ma-1n ma-1p ma-1r ma-1s ma-1t\"><p>Tilaa l\u00e4mmitys- ja poltto\u00f6jyt meilt\u00e4 edullisesti Kymenlaakson, Iitin, ja It\u00e4-Uudenmaan alueille. Paikallisena toimijana toimitamme tilauksen nopeasti ja joustavasti.<\/p>\n<p>Hinta on aina tilausp\u00e4iv\u00e4n hinta ja se sis\u00e4lt\u00e4\u00e4 toimitusmaksun sek\u00e4 arvonlis\u00e4veron 25,5 %. Toimitamme \u00f6ljyt aina sovitusti, juuri sinun tarpeesi ja toiveesi huomioiden.<\/p><\/div><a class=\"x-anchor x-anchor-button e10-e37 ma-1v ma-1w\" tabindex=\"0\" href=\"https:\/\/www.sisuenergia.fi\/lammitysoljy-kotitalouksille\/\" target=\"_blank\" rel=\"noopener noreferrer\"><div class=\"x-anchor-content\"><div class=\"x-anchor-text\"><span class=\"x-anchor-text-primary\">\u00d6ljyn hintalaskuri<\/span><\/div><\/div><\/a><\/div><div class=\"x-col e10-e38 ma-10 ma-11 ma-15 ma-16 ma-1b\"><span class=\"x-image e10-e39 ma-1y ma-1z ma-20\"><img decoding=\"async\" src=\"https:\/\/www.seokohtaniemi.fi\/-\/wp-content\/uploads\/2022\/09\/P1599083.jpg\" width=\"500\" height=\"334\" alt=\"Paikallinen SEO-yritt\u00e4j\u00e4 Atte Kohtaniemi siirt\u00e4m\u00e4ss\u00e4 \u00f6ljy\u00e4.\" loading=\"lazy\"><\/span><\/div><\/div><\/div><div class=\"x-row e10-e40 ma-8 ma-a ma-b ma-d ma-g ma-h ma-i ma-u ma-v ma-x\"><div class=\"x-row-inner\"><div class=\"x-col e10-e41 ma-10 ma-11 ma-15 ma-16 ma-1b\"><span class=\"x-image e10-e42 ma-1y ma-20 ma-21\"><img decoding=\"async\" src=\"https:\/\/www.seokohtaniemi.fi\/-\/wp-content\/uploads\/2022\/09\/P1599099-2.jpg\" width=\"500\" height=\"333\" alt=\"Paikallinen SEO-yritt\u00e4j\u00e4 Atte Kohtaniemi siirt\u00e4m\u00e4ss\u00e4 \u00f6ljy\u00e4.\" loading=\"lazy\"><\/span><\/div><div class=\"x-col e10-e43 ma-10 ma-11\"><div class=\"x-text x-content e10-e44 ma-1n ma-1o ma-1p ma-1r ma-1t\"><p>Toimitusten laadut perille toimitettuina:<\/p>\n<ul>\n<li>Poltto- ja l&auml;mmitys&ouml;ljy kes&auml;laatu. Ymp&auml;rivuotiseen k&auml;ytt&ouml;&ouml;n, s&auml;ilytys maanalaisessa s&auml;ili&ouml;ss&auml; tai sis&auml;tiloissa. Moottoreihin ja l&auml;mmitykseen. Kes&auml;aikana (1.5.-31.8.) toimitettavan kes&auml;laatuisen poltto&ouml;ljyn samepiste on 0&deg;C ja muulloin -3&deg;C.<br \/><br \/><\/li>\n<li>Poltto- ja l&auml;mmitys&ouml;ljy talvilaatu. Ymp&auml;rivuotiseen k&auml;ytt&ouml;&ouml;n, voidaan s&auml;ilytt&auml;&auml; ulkotiloissa. Moottoreihin ja l&auml;mmitykseen. (-29\/-34).<br \/><br \/><\/li>\n<li>Diesel kes&auml;laatu -10\/-20.<br \/><br \/><\/li>\n<li>Diesel talvilaatu -29\/-34.<\/li>\n<\/ul><\/div><div class=\"x-text x-content e10-e45 ma-1n ma-1o ma-1p ma-1r ma-1t\"><p>Pientoimituksista sovitaan erikseen tilatessa.<\/p>\n<p>Voit sopia my&ouml;s automaattit&auml;yt&ouml;st&auml;, jolloin sinun ei tarvitse huolehtia poltto&ouml;ljyn loppumisesta. <strong><span style=\"text-decoration: underline;\"><a href=\"#yhteystiedot\">Kysy lis&auml;&auml;!<\/a><\/span><\/strong><\/p>\n<p>Pikatoimitukset my&ouml;s viikonloppuisin, numerosta 045 643 0060.<\/p>\n<p>Pientoimitukset: alle 800 litran toimitukset pientoimituslis&auml; 70 &euro;.<br \/>800&ndash;980 litran toimitukset pientoimituslis&auml; 50 &euro;.<\/p><\/div><\/div><\/div><\/div><\/div><div class=\"x-section e10-e46 ma-0 ma-2 ma-4 ma-6 ma-7\" id=\"yhteystiedot\"><div class=\"x-row x-container max width e10-e47 ma-8 ma-9 ma-a ma-c ma-h ma-j ma-l ma-v ma-y\"><div class=\"x-row-inner\"><div class=\"x-col e10-e48 ma-10 ma-11 ma-15 ma-17 ma-1c\"><span class=\"x-image e10-e49 ma-1y ma-22\"><img decoding=\"async\" src=\"https:\/\/www.seokohtaniemi.fi\/-\/wp-content\/uploads\/2022\/09\/henkilokuva.jpg\" width=\"250\" height=\"250\" alt=\"SEO-yritt\u00e4j\u00e4 Atte Kohtaniemi\" loading=\"lazy\"><\/span><\/div><div class=\"x-col e10-e50 ma-10 ma-1a ma-1d\"><div class=\"x-text x-text-headline e10-e51 ma-1f ma-1h ma-1j ma-1k\"><div class=\"x-text-content\"><div class=\"x-text-content-text\"><h1 class=\"x-text-content-text-primary\">Yritt\u00e4j\u00e4<\/h1>\n<\/div><\/div><\/div><div class=\"x-text x-content e10-e52 ma-1n ma-1o ma-1p ma-1q ma-1r\"><p>Paikallinen yritt\u00e4j\u00e4, Atte Kohtaniemi palvelee sinua kaikissa polttoaineasioissa. L\u00e4mmitys- ja poltto\u00f6ljytoimitukset Kymenlaakson, Iitin, ja It\u00e4-Uudenmaan alueille edullisesti, nopeasti ja joustavasti.<\/p>\n<p>Tervetuloa tyytyv\u00e4isten asiakkaidemme joukkoon!<\/p><\/div><\/div><div class=\"x-col e10-e53 ma-10 ma-1a ma-1d\"><div class=\"x-text x-text-headline e10-e54 ma-1f ma-1h ma-1j ma-1k\"><div class=\"x-text-content\"><div class=\"x-text-content-text\"><h1 class=\"x-text-content-text-primary\">Yhteystiedot<\/h1>\n<\/div><\/div><\/div><div class=\"x-text x-content e10-e55 ma-1n ma-1o ma-1q ma-1r ma-1u\"><p>SEO Elim\u00e4ki<br \/>\n<span>Loviisantie 15, 42700 Elim\u00e4ki<\/span><br \/>\nAtte Kohtaniemi, puh. <a href=\"tel:+358456430060\"><span style=\"text-decoration: underline;\"><span style=\"color: #ffffff; text-decoration: underline;\">045 643 0060<\/span><\/span><\/a><br \/>\n<span style=\"text-decoration: underline;\"><span style=\"color: #ffffff;\"><a href=\"mailto:atte.kohtaniemi@seokohtaniemi.fi\" style=\"color: #ffffff; text-decoration: underline;\">atte.kohtaniemi@seokohtaniemi.fi<\/a><\/span><\/span><\/p><\/div><\/div><\/div><\/div><\/div><div class=\"x-section e10-e56 ma-0 ma-2 ma-4 ma-6\" id=\"lomake\"><div class=\"x-row x-container max width e10-e57 ma-8 ma-9 ma-b ma-c ma-k ma-l ma-z\"><div class=\"x-row-inner\"><div class=\"x-col e10-e58 ma-10 ma-11 ma-15 ma-16 ma-17 ma-1e\"><div class=\"x-text x-text-headline e10-e59 ma-1f ma-1j ma-1k ma-1l\"><div class=\"x-text-content\"><div class=\"x-text-content-text\"><h1 class=\"x-text-content-text-primary\">Ota yhteytt\u00e4<\/h1>\n<\/div><\/div><\/div><div class=\"x-form-integration x-form-integration-wpforms e10-e60 ma-23\"><div class=\"wpforms-container wpforms-container-full\" id=\"wpforms-24\"><form id=\"wpforms-form-24\" class=\"wpforms-validate wpforms-form wpforms-ajax-form\" data-formid=\"24\" method=\"post\" enctype=\"multipart\/form-data\" action=\"\/-\/wp-json\/wp\/v2\/pages\/10\" data-token=\"5c15f242515754ba2a483bc77f7666ca\" data-token-time=\"1778233228\"><noscript class=\"wpforms-error-noscript\">Please enable JavaScript in your browser to complete this form.<\/noscript><div class=\"wpforms-field-container\"><div id=\"wpforms-24-field_0-container\" class=\"wpforms-field wpforms-field-name\" data-field-id=\"0\"><label class=\"wpforms-field-label\" for=\"wpforms-24-field_0\">Nimi <span class=\"wpforms-required-label\">*<\/span><\/label><input type=\"text\" id=\"wpforms-24-field_0\" class=\"wpforms-field-medium wpforms-field-required\" name=\"wpforms[fields][0]\" required><\/div><div id=\"wpforms-24-field_1-container\" class=\"wpforms-field wpforms-field-email\" data-field-id=\"1\"><label class=\"wpforms-field-label\" for=\"wpforms-24-field_1\">S\u00e4hk\u00f6posti <span class=\"wpforms-required-label\">*<\/span><\/label><input type=\"email\" id=\"wpforms-24-field_1\" class=\"wpforms-field-medium wpforms-field-required\" name=\"wpforms[fields][1]\" spellcheck=\"false\" required><\/div><div id=\"wpforms-24-field_3-container\" class=\"wpforms-field wpforms-field-phone\" data-field-id=\"3\"><label class=\"wpforms-field-label\" for=\"wpforms-24-field_3\">Puhelin<\/label><input type=\"tel\" id=\"wpforms-24-field_3\" class=\"wpforms-field-medium wpforms-smart-phone-field\" data-rule-smart-phone-field=\"true\" name=\"wpforms[fields][3]\" aria-label=\"Puhelin\" ><\/div><div id=\"wpforms-24-field_2-container\" class=\"wpforms-field wpforms-field-textarea\" data-field-id=\"2\"><label class=\"wpforms-field-label\" for=\"wpforms-24-field_2\">Viesti<\/label><textarea id=\"wpforms-24-field_2\" class=\"wpforms-field-medium\" name=\"wpforms[fields][2]\" ><\/textarea><\/div><\/div><!-- .wpforms-field-container --><div class=\"wpforms-recaptcha-container wpforms-is-recaptcha wpforms-is-recaptcha-type-v3\" ><input type=\"hidden\" name=\"wpforms[recaptcha]\" value=\"\"><\/div><div class=\"wpforms-submit-container\" ><input type=\"hidden\" name=\"wpforms[id]\" value=\"24\"><input type=\"hidden\" name=\"page_title\" value=\"\"><input type=\"hidden\" name=\"page_url\" value=\"https:\/\/www.seokohtaniemi.fi\/-\/wp-json\/wp\/v2\/pages\/10\"><input type=\"hidden\" name=\"url_referer\" value=\"\"><button type=\"submit\" name=\"wpforms[submit]\" id=\"wpforms-submit-24\" class=\"wpforms-submit\" data-alt-text=\"L\u00e4hett\u00e4\u00e4...\" data-submit-text=\"L\u00e4het\u00e4\" aria-live=\"assertive\" value=\"wpforms-submit\">L\u00e4het\u00e4<\/button><img loading=\"lazy\" decoding=\"async\" src=\"https:\/\/www.seokohtaniemi.fi\/-\/wp-content\/plugins\/wpforms\/assets\/images\/submit-spin.svg\" class=\"wpforms-submit-spinner\" style=\"display: none;\" width=\"26\" height=\"26\" alt=\"Loading\"><\/div><\/form><\/div>  <!-- .wpforms-container --><\/div><\/div><\/div><\/div><\/div><\/div>\n","protected":false},"excerpt":{"rendered":"<p>Sisu Energia &#8211; joustava paikallinen yritt&auml;j&auml; palveluksessasi L\u00e4mmitys- ja poltto\u00f6ljyasioissa palvelemme nopeasti ja luotettavasti Kymenlaakson, Iitin, ja It\u00e4-Uudenmaan alueilla.Ota yhteytt\u00e4L\u00e4mmitys- ja poltto\u00f6ljy Toimitamme l\u00e4mmitys- ja poltto\u00f6ljyt nopeasti, joustavalla aikataululla edulliseen hintaan. Poltto\u00f6ljytoimitukset my\u00f6s erikseen sovittuun kohteeseen.Lue lis\u00e4\u00e4!SEO yrityskortti Keskitt\u00e4m\u00e4ll\u00e4 yrityksesi polttoaineostot SEO. asemillemme, s\u00e4\u00e4st\u00e4t selv\u00e4\u00e4 rahaa. Lue lis\u00e4\u00e4 yrityskortin eduista.Lue lis\u00e4\u00e4!Ota yhteytt\u00e4\ufeffL\u00e4mmitys- ja poltto\u00f6ljy Tilaa l\u00e4mmitys- ja poltto\u00f6jyt meilt\u00e4 edullisesti &#8230; <a href=\"https:\/\/www.seokohtaniemi.fi\/-\/\" class=\"more-link\">Read More<\/a><\/p>\n","protected":false},"author":1,"featured_media":0,"parent":0,"menu_order":0,"comment_status":"closed","ping_status":"closed","template":"template-blank-4.php","meta":{"footnotes":""},"class_list":["post-10","page","type-page","status-publish","hentry","no-post-thumbnail"],"yoast_head":"<!-- This site is optimized with the Yoast SEO plugin v27.5 - https:\/\/yoast.com\/product\/yoast-seo-wordpress\/ -->\n<title>SEO Kohtaniemi - Joustava paikallinen yritt\u00e4j\u00e4 palveluksessasi<\/title>\n<meta name=\"description\" content=\"Toimitamme l\u00e4mmitys- ja poltto\u00f6ljyt nopeasti, joustavalla aikataululla edulliseen hintaan. Poltto\u00f6ljytoimitukset my\u00f6s erikseen sovittuun kohteeseen.\" \/>\n<meta name=\"robots\" content=\"index, follow, max-snippet:-1, max-image-preview:large, max-video-preview:-1\" \/>\n<link rel=\"canonical\" href=\"https:\/\/www.seokohtaniemi.fi\/-\/\" \/>\n<meta property=\"og:locale\" content=\"fi_FI\" \/>\n<meta property=\"og:type\" content=\"article\" \/>\n<meta property=\"og:title\" content=\"SEO Kohtaniemi - Joustava paikallinen yritt\u00e4j\u00e4 palveluksessasi\" \/>\n<meta property=\"og:description\" content=\"Toimitamme l\u00e4mmitys- ja poltto\u00f6ljyt nopeasti, joustavalla aikataululla edulliseen hintaan. Poltto\u00f6ljytoimitukset my\u00f6s erikseen sovittuun kohteeseen.\" \/>\n<meta property=\"og:url\" content=\"https:\/\/www.seokohtaniemi.fi\/-\/\" \/>\n<meta property=\"og:site_name\" content=\"SEO Kohtaniemi\" \/>\n<meta property=\"article:modified_time\" content=\"2026-01-21T07:49:14+00:00\" \/>\n<meta name=\"twitter:card\" content=\"summary_large_image\" \/>\n<meta name=\"twitter:label1\" content=\"Arvioitu lukuaika\" \/>\n\t<meta name=\"twitter:data1\" content=\"2 minuuttia\" \/>\n<script type=\"application\/ld+json\" class=\"yoast-schema-graph\">{\"@context\":\"https:\\\/\\\/schema.org\",\"@graph\":[{\"@type\":\"WebPage\",\"@id\":\"https:\\\/\\\/www.seokohtaniemi.fi\\\/-\\\/\",\"url\":\"https:\\\/\\\/www.seokohtaniemi.fi\\\/-\\\/\",\"name\":\"SEO Kohtaniemi - Joustava paikallinen yritt\u00e4j\u00e4 palveluksessasi\",\"isPartOf\":{\"@id\":\"https:\\\/\\\/www.seokohtaniemi.fi\\\/-\\\/#website\"},\"datePublished\":\"2022-09-07T09:44:54+00:00\",\"dateModified\":\"2026-01-21T07:49:14+00:00\",\"description\":\"Toimitamme l\u00e4mmitys- ja poltto\u00f6ljyt nopeasti, joustavalla aikataululla edulliseen hintaan. Poltto\u00f6ljytoimitukset my\u00f6s erikseen sovittuun kohteeseen.\",\"breadcrumb\":{\"@id\":\"https:\\\/\\\/www.seokohtaniemi.fi\\\/-\\\/#breadcrumb\"},\"inLanguage\":\"fi\",\"potentialAction\":[{\"@type\":\"ReadAction\",\"target\":[\"https:\\\/\\\/www.seokohtaniemi.fi\\\/-\\\/\"]}]},{\"@type\":\"BreadcrumbList\",\"@id\":\"https:\\\/\\\/www.seokohtaniemi.fi\\\/-\\\/#breadcrumb\",\"itemListElement\":[{\"@type\":\"ListItem\",\"position\":1,\"name\":\"Etusivu\",\"item\":\"https:\\\/\\\/www.seokohtaniemi.fi\\\/-\\\/\"},{\"@type\":\"ListItem\",\"position\":2,\"name\":\"Etusivu\"}]},{\"@type\":\"WebSite\",\"@id\":\"https:\\\/\\\/www.seokohtaniemi.fi\\\/-\\\/#website\",\"url\":\"https:\\\/\\\/www.seokohtaniemi.fi\\\/-\\\/\",\"name\":\"SEO Kohtaniemi\",\"description\":\"\",\"potentialAction\":[{\"@type\":\"SearchAction\",\"target\":{\"@type\":\"EntryPoint\",\"urlTemplate\":\"https:\\\/\\\/www.seokohtaniemi.fi\\\/-\\\/?s={search_term_string}\"},\"query-input\":{\"@type\":\"PropertyValueSpecification\",\"valueRequired\":true,\"valueName\":\"search_term_string\"}}],\"inLanguage\":\"fi\"}]}<\/script>\n<!-- \/ Yoast SEO plugin. -->","yoast_head_json":{"title":"SEO Kohtaniemi - Joustava paikallinen yritt\u00e4j\u00e4 palveluksessasi","description":"Toimitamme l\u00e4mmitys- ja poltto\u00f6ljyt nopeasti, joustavalla aikataululla edulliseen hintaan. Poltto\u00f6ljytoimitukset my\u00f6s erikseen sovittuun kohteeseen.","robots":{"index":"index","follow":"follow","max-snippet":"max-snippet:-1","max-image-preview":"max-image-preview:large","max-video-preview":"max-video-preview:-1"},"canonical":"https:\/\/www.seokohtaniemi.fi\/-\/","og_locale":"fi_FI","og_type":"article","og_title":"SEO Kohtaniemi - Joustava paikallinen yritt\u00e4j\u00e4 palveluksessasi","og_description":"Toimitamme l\u00e4mmitys- ja poltto\u00f6ljyt nopeasti, joustavalla aikataululla edulliseen hintaan. Poltto\u00f6ljytoimitukset my\u00f6s erikseen sovittuun kohteeseen.","og_url":"https:\/\/www.seokohtaniemi.fi\/-\/","og_site_name":"SEO Kohtaniemi","article_modified_time":"2026-01-21T07:49:14+00:00","twitter_card":"summary_large_image","twitter_misc":{"Arvioitu lukuaika":"2 minuuttia"},"schema":{"@context":"https:\/\/schema.org","@graph":[{"@type":"WebPage","@id":"https:\/\/www.seokohtaniemi.fi\/-\/","url":"https:\/\/www.seokohtaniemi.fi\/-\/","name":"SEO Kohtaniemi - Joustava paikallinen yritt\u00e4j\u00e4 palveluksessasi","isPartOf":{"@id":"https:\/\/www.seokohtaniemi.fi\/-\/#website"},"datePublished":"2022-09-07T09:44:54+00:00","dateModified":"2026-01-21T07:49:14+00:00","description":"Toimitamme l\u00e4mmitys- ja poltto\u00f6ljyt nopeasti, joustavalla aikataululla edulliseen hintaan. Poltto\u00f6ljytoimitukset my\u00f6s erikseen sovittuun kohteeseen.","breadcrumb":{"@id":"https:\/\/www.seokohtaniemi.fi\/-\/#breadcrumb"},"inLanguage":"fi","potentialAction":[{"@type":"ReadAction","target":["https:\/\/www.seokohtaniemi.fi\/-\/"]}]},{"@type":"BreadcrumbList","@id":"https:\/\/www.seokohtaniemi.fi\/-\/#breadcrumb","itemListElement":[{"@type":"ListItem","position":1,"name":"Etusivu","item":"https:\/\/www.seokohtaniemi.fi\/-\/"},{"@type":"ListItem","position":2,"name":"Etusivu"}]},{"@type":"WebSite","@id":"https:\/\/www.seokohtaniemi.fi\/-\/#website","url":"https:\/\/www.seokohtaniemi.fi\/-\/","name":"SEO Kohtaniemi","description":"","potentialAction":[{"@type":"SearchAction","target":{"@type":"EntryPoint","urlTemplate":"https:\/\/www.seokohtaniemi.fi\/-\/?s={search_term_string}"},"query-input":{"@type":"PropertyValueSpecification","valueRequired":true,"valueName":"search_term_string"}}],"inLanguage":"fi"}]}},"_links":{"self":[{"href":"https:\/\/www.seokohtaniemi.fi\/-\/wp-json\/wp\/v2\/pages\/10","targetHints":{"allow":["GET"]}}],"collection":[{"href":"https:\/\/www.seokohtaniemi.fi\/-\/wp-json\/wp\/v2\/pages"}],"about":[{"href":"https:\/\/www.seokohtaniemi.fi\/-\/wp-json\/wp\/v2\/types\/page"}],"author":[{"embeddable":true,"href":"https:\/\/www.seokohtaniemi.fi\/-\/wp-json\/wp\/v2\/users\/1"}],"replies":[{"embeddable":true,"href":"https:\/\/www.seokohtaniemi.fi\/-\/wp-json\/wp\/v2\/comments?post=10"}],"version-history":[{"count":49,"href":"https:\/\/www.seokohtaniemi.fi\/-\/wp-json\/wp\/v2\/pages\/10\/revisions"}],"predecessor-version":[{"id":146,"href":"https:\/\/www.seokohtaniemi.fi\/-\/wp-json\/wp\/v2\/pages\/10\/revisions\/146"}],"wp:attachment":[{"href":"https:\/\/www.seokohtaniemi.fi\/-\/wp-json\/wp\/v2\/media?parent=10"}],"curies":[{"name":"wp","href":"https:\/\/api.w.org\/{rel}","templated":true}]}}