{"id":3,"date":"2022-09-07T09:21:08","date_gmt":"2022-09-07T09:21:08","guid":{"rendered":"https:\/\/www.seoelimaki.fi\/-\/?page_id=3"},"modified":"2024-02-26T06:54:07","modified_gmt":"2024-02-26T06:54:07","slug":"tietosuojaseloste","status":"publish","type":"page","link":"https:\/\/www.seokohtaniemi.fi\/-\/tietosuojaseloste\/","title":{"rendered":"tietosuojaseloste"},"content":{"rendered":"<div id=\"cs-content\" class=\"cs-content\"><div class=\"x-section e3-e1 m3-0\"><div class=\"x-row x-container max width e3-e2 m3-1 m3-2 m3-4 m3-5\"><div class=\"x-row-inner\"><div class=\"x-col e3-e3 m3-7\"><div class=\"x-text x-text-headline e3-e4 m3-8\"><div class=\"x-text-content\"><div class=\"x-text-content-text\"><h1 class=\"x-text-content-text-primary\">Tietosuojaseloste - Sisu Energia Oy<\/h1>\n<\/div><\/div><\/div><\/div><\/div><\/div><div class=\"x-row x-container max width e3-e5 m3-1 m3-3 m3-4 m3-6\"><div class=\"x-row-inner\"><div class=\"x-col e3-e6 m3-7\"><div class=\"x-text x-content e3-e7 m3-9\"><p><strong>Sisu Energia Oy Asiakasrekisterin tietosuoja informaatio<\/strong><\/p>\n<p>Verkkosivujemme yhteydenottorekisteriss\u00e4 hallinnoidaan tietoja Sisu Energia Oy:n poltto\u00f6ljyasiakkaista ja muista yhteytt\u00e4 ottaneista tahoista. Henkil\u00f6tietojen rekisterinpit\u00e4j\u00e4n\u00e4 toimii Sisu Energia Oy, Loviisantie 15, 47200 Elim\u00e4ki.<\/p>\n<p>Jos sinulla on kysytt\u00e4v\u00e4\u00e4 henkil\u00f6tietojen k\u00e4sittelyyn tai yksityisyyteesi liittyen, olethan yhteydess\u00e4: Atte Kohtaniemi <a href=\"mailto:atte.kohtaniemi@seokohtaniemi.fi\">atte.kohtaniemi@seokohtaniemi.fi<\/a>, joka on Sisu Energia Oy:n yhteyshenkil\u00f6 tietosuoja-asioissa.<\/p>\n<p><\/p>\n<p><strong>Millaisia henkil\u00f6tietoja ker\u00e4\u00e4mme sinusta<\/strong><\/p>\n<p>K\u00e4sittelemme rekisteriss\u00e4 yhteystietojasi (esimerkiksi nimesi, puhelinnumerosi sek\u00e4 s\u00e4hk\u00f6posti- ja osoitetietosi).<\/p>\n<p><\/p>\n<p><strong>Mihin tarkoituksiin k\u00e4yt\u00e4mme henkil\u00f6tietojasi<\/strong><\/p>\n<p>K\u00e4yt\u00e4mme verkkosivujemme yhteydenottorekisterin tietoja poltto\u00f6ljyn myyntitilausten kirjaamiseen puhelimitse tai s\u00e4hk\u00f6postilla ja poltto\u00f6ljyn toimittamiseen ilmoittamaasi toimitusosoitteeseen.<\/p>\n<p>Henkil\u00f6tietojasi voidaan v\u00e4litt\u00e4\u00e4 edelleen kumppanillemme Suomalainen Energiaosuuskunta SEO:lle sek\u00e4 sen v\u00e4litysmyyjille.<\/p>\n<p><\/p>\n<p><strong>Mist\u00e4 saamme henkil\u00f6tietojasi<\/strong><\/p>\n<p>Verkkosivujemme yhteydenottorekisteriss\u00e4 olevat henkil\u00f6tiedot ovat sinun itse antamia t\u00e4ytt\u00e4ess\u00e4si yhteydenottolomaketta.<\/p>\n<p>P\u00e4ivit\u00e4mme muuttuneet nimi- ja yhteystiedot pyynn\u00f6st\u00e4si, kun otat yhteytt\u00e4 rekisterinpit\u00e4j\u00e4n yhteyshenkil\u00f6\u00f6n.<\/p>\n<p>Voit pyyt\u00e4\u00e4 muutosta tekem\u00e4ll\u00e4 ilmoituksen rekisterinpit\u00e4j\u00e4lle: Sisu Energia Oy, Loviisantie 15, 47200 Elim\u00e4ki, <a href=\"mailto:atte.kohtaniemi@seokohtaniemi.fi\">atte.kohtaniemi@seokohtaniemi.fi<\/a>.<\/p>\n<p><\/p>\n<p><strong>Henkil\u00f6tietojen k\u00e4sittelyn oikeusperiaatteet<\/strong><\/p>\n<p>EU:n yleisen tietosuoja-asetuksen mukainen oikeusperuste henkil\u00f6tietojen k\u00e4sittelylle on sopimus, jossa rekister\u00f6ity on osapuolena.<br \/>\nHenkil\u00f6tietojen k\u00e4sittelyn tarkoitus on sopimuksen mukaisen asiakaspalvelun toteuttaminen sek\u00e4 yhteydenpito asiakkaisiin.<br \/>\nTietoja ei k\u00e4ytet\u00e4 automatisoituun p\u00e4\u00e4t\u00f6ksentekoon tai profilointiin.<\/p>\n<p><\/p>\n<p><strong>Kuka k\u00e4sittelee henkil\u00f6tietojasi<\/strong><\/p>\n<p>Tietojasi k\u00e4sittelev\u00e4t ainoastaan sellaiset Sisu Energia Oy:n, Suomalainen Energiaosuuskunta SEO:n ja sen v\u00e4litt\u00e4j\u00e4myyjien ty\u00f6ntekij\u00e4t, joiden ty\u00f6teht\u00e4viin se kuuluu. K\u00e4sittelemme henkil\u00f6tietojasi aina huolellisesti ja noudatamme hyv\u00e4\u00e4 tietojenk\u00e4sittelytapaa.<\/p>\n<p>Voimme luovuttaa henkil\u00f6tietojasi (nimi,osoite, s\u00e4hk\u00f6postiosoite ja puhelinnumero) tilausvahvistusta ja poltto\u00f6ljyntoimitusta varten Suomalainen Energiaosuuskunta SEO:lle ja sen v\u00e4litysmyyjille.<\/p>\n<p>Henkil\u00f6tietojasi ei k\u00e4sitell\u00e4 Euroopan unionin tai Euroopan talousalueen ulkopuolella.<\/p>\n<p><\/p>\n<p><strong>Sinun oikeutesi<\/strong><\/p>\n<p>Saat tietoa henkil\u00f6tietojesi k\u00e4sittelyst\u00e4 t\u00e4st\u00e4 tietosuojaselosteesta ja tarkemmin yll\u00e4mainitulta rekisterin yhteyshenkil\u00f6lt\u00e4.<\/p>\n<p>Sinulla on oikeus saada p\u00e4\u00e4sy omiin henkil\u00f6tietoihisi. Helpoimmin teet sen tekem\u00e4ll\u00e4 tietopyynn\u00f6n s\u00e4hk\u00f6postitse osoitteeseen <a href=\"mailto:atte.kohtaniemi@seokohtanimi.fi\">atte.kohtaniemi@seokohtanimi.fi<\/a>. Voit my\u00f6s korjata virheellisi\u00e4 tai puutteellisia tietoja ottamalla yhteytt\u00e4 rekisterin yhteyshenkil\u00f6\u00f6n.<\/p>\n<p>Sinulla on oikeus saada tieto henkil\u00f6tietojen tietoturvaloukkauksista. Ilmoitamme sinulle viipym\u00e4tt\u00e4, mik\u00e4li meill\u00e4 tapahtuisi tietoturvaloukkaus, joka voisi uhata vakavasti sinun antamia tietoja tai sinua.<\/p>\n<p><\/p>\n<p><strong>Henkil\u00f6tietojen k\u00e4sittelyn vaikutukset sinulle ja miten tietosi suojataan<\/strong><\/p>\n<p>Suojaamme antamasi henkil\u00f6tietosi huolellisesti k\u00e4ytt\u00e4m\u00e4ll\u00e4 asianmukaisia tietosuoja- ja tietoturvallisuusmenetelmi\u00e4. Huolehdimme siit\u00e4, ett\u00e4 henkil\u00f6st\u00f6mme ymm\u00e4rt\u00e4\u00e4 henkil\u00f6tietojen luottamuksellisuuden luonteen ja turvallisen k\u00e4sittelyn merkityksen.<\/p>\n<p>Mik\u00e4li suojatoimistamme huolimatta henkil\u00f6tietosi p\u00e4\u00e4tyisiv\u00e4t v\u00e4\u00e4riin k\u00e4siin, on mahdollista, ett\u00e4 henkil\u00f6tietojasi k\u00e4ytet\u00e4\u00e4n v\u00e4\u00e4rin. Mik\u00e4li havaitsemme t\u00e4llaisen tapahtuman, ryhdymme v\u00e4litt\u00f6m\u00e4sti selvitt\u00e4m\u00e4\u00e4n sit\u00e4 ja pyrimme est\u00e4m\u00e4\u00e4n aiheutuvat vahingot. Ilmoitamme mahdollisesta tietoturvaloukkauksesta sinulle, sek\u00e4 tarvittaville viranomaisille lains\u00e4\u00e4d\u00e4nn\u00f6n vaatimusten mukaisesti.<\/p>\n<p><\/p>\n<p><strong>Kuinka kauan s\u00e4ilyt\u00e4mme tietojasi<\/strong><\/p>\n<p>S\u00e4ilyt\u00e4mme verkkosivujemme yhteydenottorekisterin tietoja asiakassuhteen keston ajan. Asiakassuhteen p\u00e4\u00e4tytty\u00e4 s\u00e4ilytysaika riippuu henkil\u00f6tiedosta ja sen k\u00e4ytt\u00f6tarkoituksesta. Poistamme vanhentuneita tietoja s\u00e4\u00e4nn\u00f6llisesti. Noudatamme lakis\u00e4\u00e4teisi\u00e4 velvoitteita tiedon s\u00e4ilytt\u00e4misess\u00e4.<\/p><\/div><\/div><\/div><\/div><\/div><\/div>\n","protected":false},"excerpt":{"rendered":"<p>Tietosuojaseloste &#8211; Sisu Energia Oy Sisu Energia Oy Asiakasrekisterin tietosuoja informaatio Verkkosivujemme yhteydenottorekisteriss\u00e4 hallinnoidaan tietoja Sisu Energia Oy:n poltto\u00f6ljyasiakkaista ja muista yhteytt\u00e4 ottaneista tahoista. Henkil\u00f6tietojen rekisterinpit\u00e4j\u00e4n\u00e4 toimii Sisu Energia Oy, Loviisantie 15, 47200 Elim\u00e4ki. Jos sinulla on kysytt\u00e4v\u00e4\u00e4 henkil\u00f6tietojen k\u00e4sittelyyn tai yksityisyyteesi liittyen, olethan yhteydess\u00e4: Atte Kohtaniemi atte.kohtaniemi@seokohtaniemi.fi, joka on Sisu Energia Oy:n yhteyshenkil\u00f6 tietosuoja-asioissa. Millaisia henkil\u00f6tietoja ker\u00e4\u00e4mme sinusta K\u00e4sittelemme &#8230; <a href=\"https:\/\/www.seokohtaniemi.fi\/-\/tietosuojaseloste\/\" class=\"more-link\">Read More<\/a><\/p>\n","protected":false},"author":1,"featured_media":0,"parent":0,"menu_order":0,"comment_status":"closed","ping_status":"open","template":"template-blank-4.php","meta":{"footnotes":""},"class_list":["post-3","page","type-page","status-publish","hentry","no-post-thumbnail"],"yoast_head":"<!-- This site is optimized with the Yoast SEO plugin v27.5 - https:\/\/yoast.com\/product\/yoast-seo-wordpress\/ -->\n<title>tietosuojaseloste - SEO Kohtaniemi<\/title>\n<meta name=\"robots\" content=\"index, follow, max-snippet:-1, max-image-preview:large, max-video-preview:-1\" \/>\n<link rel=\"canonical\" href=\"https:\/\/www.seokohtaniemi.fi\/-\/tietosuojaseloste\/\" \/>\n<meta property=\"og:locale\" content=\"fi_FI\" \/>\n<meta property=\"og:type\" content=\"article\" \/>\n<meta property=\"og:title\" content=\"tietosuojaseloste - SEO Kohtaniemi\" \/>\n<meta property=\"og:description\" content=\"Tietosuojaseloste - Sisu Energia Oy Sisu Energia Oy Asiakasrekisterin tietosuoja informaatio Verkkosivujemme yhteydenottorekisteriss\u00e4 hallinnoidaan tietoja Sisu Energia Oy:n poltto\u00f6ljyasiakkaista ja muista yhteytt\u00e4 ottaneista tahoista. Henkil\u00f6tietojen rekisterinpit\u00e4j\u00e4n\u00e4 toimii Sisu Energia Oy, Loviisantie 15, 47200 Elim\u00e4ki. Jos sinulla on kysytt\u00e4v\u00e4\u00e4 henkil\u00f6tietojen k\u00e4sittelyyn tai yksityisyyteesi liittyen, olethan yhteydess\u00e4: Atte Kohtaniemi atte.kohtaniemi@seokohtaniemi.fi, joka on Sisu Energia Oy:n yhteyshenkil\u00f6 tietosuoja-asioissa. Millaisia henkil\u00f6tietoja ker\u00e4\u00e4mme sinusta K\u00e4sittelemme ... Read More\" \/>\n<meta property=\"og:url\" content=\"https:\/\/www.seokohtaniemi.fi\/-\/tietosuojaseloste\/\" \/>\n<meta property=\"og:site_name\" content=\"SEO Kohtaniemi\" \/>\n<meta property=\"article:modified_time\" content=\"2024-02-26T06:54:07+00:00\" \/>\n<meta name=\"twitter:card\" content=\"summary_large_image\" \/>\n<meta name=\"twitter:label1\" content=\"Arvioitu lukuaika\" \/>\n\t<meta name=\"twitter:data1\" content=\"3 minuuttia\" \/>\n<script type=\"application\/ld+json\" class=\"yoast-schema-graph\">{\"@context\":\"https:\\\/\\\/schema.org\",\"@graph\":[{\"@type\":\"WebPage\",\"@id\":\"https:\\\/\\\/www.seokohtaniemi.fi\\\/-\\\/tietosuojaseloste\\\/\",\"url\":\"https:\\\/\\\/www.seokohtaniemi.fi\\\/-\\\/tietosuojaseloste\\\/\",\"name\":\"tietosuojaseloste - SEO Kohtaniemi\",\"isPartOf\":{\"@id\":\"https:\\\/\\\/www.seokohtaniemi.fi\\\/-\\\/#website\"},\"datePublished\":\"2022-09-07T09:21:08+00:00\",\"dateModified\":\"2024-02-26T06:54:07+00:00\",\"breadcrumb\":{\"@id\":\"https:\\\/\\\/www.seokohtaniemi.fi\\\/-\\\/tietosuojaseloste\\\/#breadcrumb\"},\"inLanguage\":\"fi\",\"potentialAction\":[{\"@type\":\"ReadAction\",\"target\":[\"https:\\\/\\\/www.seokohtaniemi.fi\\\/-\\\/tietosuojaseloste\\\/\"]}]},{\"@type\":\"BreadcrumbList\",\"@id\":\"https:\\\/\\\/www.seokohtaniemi.fi\\\/-\\\/tietosuojaseloste\\\/#breadcrumb\",\"itemListElement\":[{\"@type\":\"ListItem\",\"position\":1,\"name\":\"Etusivu\",\"item\":\"https:\\\/\\\/www.seokohtaniemi.fi\\\/-\\\/\"},{\"@type\":\"ListItem\",\"position\":2,\"name\":\"tietosuojaseloste\"}]},{\"@type\":\"WebSite\",\"@id\":\"https:\\\/\\\/www.seokohtaniemi.fi\\\/-\\\/#website\",\"url\":\"https:\\\/\\\/www.seokohtaniemi.fi\\\/-\\\/\",\"name\":\"SEO Kohtaniemi\",\"description\":\"\",\"potentialAction\":[{\"@type\":\"SearchAction\",\"target\":{\"@type\":\"EntryPoint\",\"urlTemplate\":\"https:\\\/\\\/www.seokohtaniemi.fi\\\/-\\\/?s={search_term_string}\"},\"query-input\":{\"@type\":\"PropertyValueSpecification\",\"valueRequired\":true,\"valueName\":\"search_term_string\"}}],\"inLanguage\":\"fi\"}]}<\/script>\n<!-- \/ Yoast SEO plugin. -->","yoast_head_json":{"title":"tietosuojaseloste - SEO Kohtaniemi","robots":{"index":"index","follow":"follow","max-snippet":"max-snippet:-1","max-image-preview":"max-image-preview:large","max-video-preview":"max-video-preview:-1"},"canonical":"https:\/\/www.seokohtaniemi.fi\/-\/tietosuojaseloste\/","og_locale":"fi_FI","og_type":"article","og_title":"tietosuojaseloste - SEO Kohtaniemi","og_description":"Tietosuojaseloste - Sisu Energia Oy Sisu Energia Oy Asiakasrekisterin tietosuoja informaatio Verkkosivujemme yhteydenottorekisteriss\u00e4 hallinnoidaan tietoja Sisu Energia Oy:n poltto\u00f6ljyasiakkaista ja muista yhteytt\u00e4 ottaneista tahoista. Henkil\u00f6tietojen rekisterinpit\u00e4j\u00e4n\u00e4 toimii Sisu Energia Oy, Loviisantie 15, 47200 Elim\u00e4ki. Jos sinulla on kysytt\u00e4v\u00e4\u00e4 henkil\u00f6tietojen k\u00e4sittelyyn tai yksityisyyteesi liittyen, olethan yhteydess\u00e4: Atte Kohtaniemi atte.kohtaniemi@seokohtaniemi.fi, joka on Sisu Energia Oy:n yhteyshenkil\u00f6 tietosuoja-asioissa. Millaisia henkil\u00f6tietoja ker\u00e4\u00e4mme sinusta K\u00e4sittelemme ... Read More","og_url":"https:\/\/www.seokohtaniemi.fi\/-\/tietosuojaseloste\/","og_site_name":"SEO Kohtaniemi","article_modified_time":"2024-02-26T06:54:07+00:00","twitter_card":"summary_large_image","twitter_misc":{"Arvioitu lukuaika":"3 minuuttia"},"schema":{"@context":"https:\/\/schema.org","@graph":[{"@type":"WebPage","@id":"https:\/\/www.seokohtaniemi.fi\/-\/tietosuojaseloste\/","url":"https:\/\/www.seokohtaniemi.fi\/-\/tietosuojaseloste\/","name":"tietosuojaseloste - SEO Kohtaniemi","isPartOf":{"@id":"https:\/\/www.seokohtaniemi.fi\/-\/#website"},"datePublished":"2022-09-07T09:21:08+00:00","dateModified":"2024-02-26T06:54:07+00:00","breadcrumb":{"@id":"https:\/\/www.seokohtaniemi.fi\/-\/tietosuojaseloste\/#breadcrumb"},"inLanguage":"fi","potentialAction":[{"@type":"ReadAction","target":["https:\/\/www.seokohtaniemi.fi\/-\/tietosuojaseloste\/"]}]},{"@type":"BreadcrumbList","@id":"https:\/\/www.seokohtaniemi.fi\/-\/tietosuojaseloste\/#breadcrumb","itemListElement":[{"@type":"ListItem","position":1,"name":"Etusivu","item":"https:\/\/www.seokohtaniemi.fi\/-\/"},{"@type":"ListItem","position":2,"name":"tietosuojaseloste"}]},{"@type":"WebSite","@id":"https:\/\/www.seokohtaniemi.fi\/-\/#website","url":"https:\/\/www.seokohtaniemi.fi\/-\/","name":"SEO Kohtaniemi","description":"","potentialAction":[{"@type":"SearchAction","target":{"@type":"EntryPoint","urlTemplate":"https:\/\/www.seokohtaniemi.fi\/-\/?s={search_term_string}"},"query-input":{"@type":"PropertyValueSpecification","valueRequired":true,"valueName":"search_term_string"}}],"inLanguage":"fi"}]}},"_links":{"self":[{"href":"https:\/\/www.seokohtaniemi.fi\/-\/wp-json\/wp\/v2\/pages\/3","targetHints":{"allow":["GET"]}}],"collection":[{"href":"https:\/\/www.seokohtaniemi.fi\/-\/wp-json\/wp\/v2\/pages"}],"about":[{"href":"https:\/\/www.seokohtaniemi.fi\/-\/wp-json\/wp\/v2\/types\/page"}],"author":[{"embeddable":true,"href":"https:\/\/www.seokohtaniemi.fi\/-\/wp-json\/wp\/v2\/users\/1"}],"replies":[{"embeddable":true,"href":"https:\/\/www.seokohtaniemi.fi\/-\/wp-json\/wp\/v2\/comments?post=3"}],"version-history":[{"count":2,"href":"https:\/\/www.seokohtaniemi.fi\/-\/wp-json\/wp\/v2\/pages\/3\/revisions"}],"predecessor-version":[{"id":126,"href":"https:\/\/www.seokohtaniemi.fi\/-\/wp-json\/wp\/v2\/pages\/3\/revisions\/126"}],"wp:attachment":[{"href":"https:\/\/www.seokohtaniemi.fi\/-\/wp-json\/wp\/v2\/media?parent=3"}],"curies":[{"name":"wp","href":"https:\/\/api.w.org\/{rel}","templated":true}]}}